{"id":879,"date":"2024-02-14T09:34:03","date_gmt":"2024-02-14T09:34:03","guid":{"rendered":"https:\/\/www.inova-visionlab.eu\/about\/"},"modified":"2025-03-18T08:48:17","modified_gmt":"2025-03-18T08:48:17","slug":"about","status":"publish","type":"page","link":"https:\/\/www.inova-visionlab.eu\/en\/about\/","title":{"rendered":"ABOUT"},"content":{"rendered":"<p>[et_pb_section fb_built=&#8221;1&#8243; custom_padding_last_edited=&#8221;on|phone&#8221; admin_label=&#8221;Header&#8221; _builder_version=&#8221;4.24.0&#8243; _module_preset=&#8221;default&#8221; custom_padding_tablet=&#8221;&#8221; custom_padding_phone=&#8221;20px||||false|false&#8221; collapsed=&#8221;off&#8221; global_colors_info=&#8221;{}&#8221;][et_pb_row _builder_version=&#8221;4.20.0&#8243; _module_preset=&#8221;default&#8221; global_colors_info=&#8221;{}&#8221;][et_pb_column type=&#8221;4_4&#8243; _builder_version=&#8221;4.20.0&#8243; _module_preset=&#8221;default&#8221; global_colors_info=&#8221;{}&#8221;][et_pb_heading title=&#8221;@ET-DC@eyJkeW5hbWljIjp0cnVlLCJjb250ZW50IjoicG9zdF90aXRsZSIsInNldHRpbmdzIjp7ImJlZm9yZSI6IiIsImFmdGVyIjoiIn19@&#8221; _builder_version=&#8221;4.24.0&#8243; _dynamic_attributes=&#8221;title&#8221; _module_preset=&#8221;default&#8221; title_font=&#8221;Cormorant Garamond|||on|||||&#8221; title_text_align=&#8221;center&#8221; title_text_color=&#8221;#FFFFFF&#8221; title_font_size=&#8221;5em&#8221; title_font_size_tablet=&#8221;5em&#8221; title_font_size_phone=&#8221;3em&#8221; title_font_size_last_edited=&#8221;on|phone&#8221; locked=&#8221;off&#8221; global_colors_info=&#8221;{}&#8221;][\/et_pb_heading][\/et_pb_column][\/et_pb_row][et_pb_row column_structure=&#8221;3_5,2_5&#8243; _builder_version=&#8221;4.20.0&#8243; _module_preset=&#8221;default&#8221; global_colors_info=&#8221;{}&#8221;][et_pb_column type=&#8221;3_5&#8243; _builder_version=&#8221;4.20.0&#8243; _module_preset=&#8221;default&#8221; global_colors_info=&#8221;{}&#8221;][et_pb_text _builder_version=&#8221;4.27.3&#8243; _module_preset=&#8221;default&#8221; text_font=&#8221;||||||||&#8221; text_font_size=&#8221;1.4em&#8221; text_line_height=&#8221;1.4em&#8221; hover_enabled=&#8221;0&#8243; global_colors_info=&#8221;{}&#8221; sticky_enabled=&#8221;0&#8243;]<\/p>\n<p style=\"font-weight: 400;\">The team of INOVA Vision Lab is a multidisciplinary bunch of professionals who gather for porojects. It is led by optometrist Dr. Matja\u017e Mihel\u010di\u010d.<\/p>\n<p>We are collaborating with Brains &amp; Sprains Institute, led by Tadej Pa\u0161\u010dinski <a href=\"https:\/\/brains-and-sprains.si\/en\" target=\"_blank\" rel=\"noopener\">https:\/\/brains-and-sprains.si\/en<\/a><\/p>\n<p style=\"font-weight: 400;\">Adress: Matja\u017e Mihel\u010di\u010d, s.p. Ledina 36, 4260 Bled.<\/p>\n<p style=\"font-weight: 400;\">Tax ID 34330895<\/p>\n<p style=\"font-weight: 400;\">Email: <a href=\"mailto:matjazmihelcic@siol.net\">matjazmihelcic@siol.net<\/a><\/p>\n<p style=\"font-weight: 400;\">CV<\/p>\n<p>[\/et_pb_text][et_pb_icon font_icon=&#8221;&#xf1c1;||fa||400&#8243; icon_width=&#8221;40px&#8221; url=&#8221;https:\/\/www.inova-visionlab.eu\/wp-content\/uploads\/2024\/02\/CV-short-2023-1.pdf&#8221; url_new_window=&#8221;on&#8221; align=&#8221;left&#8221; _builder_version=&#8221;4.24.0&#8243; _module_preset=&#8221;default&#8221; global_colors_info=&#8221;{}&#8221;][\/et_pb_icon][et_pb_text _builder_version=&#8221;4.24.0&#8243; _module_preset=&#8221;default&#8221; text_font=&#8221;||||||||&#8221; text_font_size=&#8221;1.4em&#8221; text_line_height=&#8221;1.4em&#8221; global_colors_info=&#8221;{}&#8221;]<\/p>\n<p style=\"font-weight: 400;\"><span style=\"font-size: 19.6px;\">Inquiries can be sent to<\/span> <a href=\"mailto:matjazmihelcic@siol.net\" style=\"font-size: 19.6px;\">matjazmihelcic@siol.net<\/a> <span style=\"font-size: 19.6px;\">.<\/span><\/p>\n<p>[\/et_pb_text][\/et_pb_column][et_pb_column type=&#8221;2_5&#8243; _builder_version=&#8221;4.20.0&#8243; _module_preset=&#8221;default&#8221; global_colors_info=&#8221;{}&#8221;][et_pb_image src=&#8221;https:\/\/www.inova-visionlab.eu\/wp-content\/uploads\/2024\/02\/DSC_7433-scaled.jpg&#8221; title_text=&#8221;DSC_7433++&#8221; show_in_lightbox=&#8221;on&#8221; use_overlay=&#8221;on&#8221; overlay_icon_color=&#8221;#000000&#8243; hover_overlay_color=&#8221;RGBA(255,255,255,0)&#8221; hover_icon=&#8221;&#xf00e;||fa||900&#8243; align=&#8221;center&#8221; _builder_version=&#8221;4.24.0&#8243; _module_preset=&#8221;default&#8221; background_enable_color=&#8221;off&#8221; box_shadow_style=&#8221;preset4&#8243; box_shadow_horizontal=&#8221;0px&#8221; box_shadow_vertical=&#8221;0px&#8221; box_shadow_color=&#8221;rgba(0,0,0,0.05)&#8221; global_colors_info=&#8221;{}&#8221; transform_styles__hover_enabled=&#8221;on|hover&#8221; transform_scale__hover=&#8221;90%|90%&#8221; transform_scale__hover_enabled=&#8221;on|hover&#8221; transform_translate__hover_enabled=&#8221;on|desktop&#8221; transform_rotate__hover_enabled=&#8221;on|desktop&#8221; transform_skew__hover_enabled=&#8221;on|desktop&#8221; transform_origin__hover_enabled=&#8221;on|desktop&#8221; box_shadow_spread__hover=&#8221;30px&#8221; box_shadow_spread__hover_enabled=&#8221;on|hover&#8221;][\/et_pb_image][\/et_pb_column][\/et_pb_row][\/et_pb_section]<\/p>\n","protected":false},"excerpt":{"rendered":"<p>The team of INOVA Vision Lab is a multidisciplinary bunch of professionals who gather for porojects. It is led by optometrist Dr. Matja\u017e Mihel\u010di\u010d. We are collaborating with Brains &amp; Sprains Institute, led by Tadej Pa\u0161\u010dinski https:\/\/brains-and-sprains.si\/en Adress: Matja\u017e Mihel\u010di\u010d, s.p. Ledina 36, 4260 Bled. Tax ID 34330895 Email: matjazmihelcic@siol.net CVInquiries can be sent to [&hellip;]<\/p>\n","protected":false},"author":1,"featured_media":0,"parent":0,"menu_order":0,"comment_status":"closed","ping_status":"closed","template":"","meta":{"_et_pb_use_builder":"on","_et_pb_old_content":"","_et_gb_content_width":"","inline_featured_image":false,"footnotes":""},"class_list":["post-879","page","type-page","status-publish","hentry"],"yoast_head":"<!-- This site is optimized with the Yoast SEO plugin v24.8.1 - https:\/\/yoast.com\/wordpress\/plugins\/seo\/ -->\n<title>ABOUT - INOVA VISION LAB<\/title>\n<meta name=\"robots\" content=\"index, follow, max-snippet:-1, max-image-preview:large, max-video-preview:-1\" \/>\n<link rel=\"canonical\" href=\"https:\/\/www.inova-visionlab.eu\/en\/about\/\" \/>\n<meta property=\"og:locale\" content=\"en_US\" \/>\n<meta property=\"og:type\" content=\"article\" \/>\n<meta property=\"og:title\" content=\"ABOUT - INOVA VISION LAB\" \/>\n<meta property=\"og:description\" content=\"The team of INOVA Vision Lab is a multidisciplinary bunch of professionals who gather for porojects. It is led by optometrist Dr. Matja\u017e Mihel\u010di\u010d. We are collaborating with Brains &amp; Sprains Institute, led by Tadej Pa\u0161\u010dinski https:\/\/brains-and-sprains.si\/en Adress: Matja\u017e Mihel\u010di\u010d, s.p. Ledina 36, 4260 Bled. Tax ID 34330895 Email: matjazmihelcic@siol.net CVInquiries can be sent to [&hellip;]\" \/>\n<meta property=\"og:url\" content=\"https:\/\/www.inova-visionlab.eu\/en\/about\/\" \/>\n<meta property=\"og:site_name\" content=\"INOVA VISION LAB\" \/>\n<meta property=\"article:modified_time\" content=\"2025-03-18T08:48:17+00:00\" \/>\n<meta name=\"twitter:card\" content=\"summary_large_image\" \/>\n<meta name=\"twitter:label1\" content=\"Est. reading time\" \/>\n\t<meta name=\"twitter:data1\" content=\"1 minute\" \/>\n<script type=\"application\/ld+json\" class=\"yoast-schema-graph\">{\"@context\":\"https:\/\/schema.org\",\"@graph\":[{\"@type\":\"WebPage\",\"@id\":\"https:\/\/www.inova-visionlab.eu\/en\/about\/\",\"url\":\"https:\/\/www.inova-visionlab.eu\/en\/about\/\",\"name\":\"ABOUT - INOVA VISION LAB\",\"isPartOf\":{\"@id\":\"https:\/\/www.inova-visionlab.eu\/#website\"},\"datePublished\":\"2024-02-14T09:34:03+00:00\",\"dateModified\":\"2025-03-18T08:48:17+00:00\",\"breadcrumb\":{\"@id\":\"https:\/\/www.inova-visionlab.eu\/en\/about\/#breadcrumb\"},\"inLanguage\":\"en-US\",\"potentialAction\":[{\"@type\":\"ReadAction\",\"target\":[\"https:\/\/www.inova-visionlab.eu\/en\/about\/\"]}]},{\"@type\":\"BreadcrumbList\",\"@id\":\"https:\/\/www.inova-visionlab.eu\/en\/about\/#breadcrumb\",\"itemListElement\":[{\"@type\":\"ListItem\",\"position\":1,\"name\":\"Home\",\"item\":\"https:\/\/www.inova-visionlab.eu\/\"},{\"@type\":\"ListItem\",\"position\":2,\"name\":\"ABOUT\"}]},{\"@type\":\"WebSite\",\"@id\":\"https:\/\/www.inova-visionlab.eu\/#website\",\"url\":\"https:\/\/www.inova-visionlab.eu\/\",\"name\":\"INOVA VISION LAB\",\"description\":\"Raziskave na podro\u010dju o\u010di in vida\",\"potentialAction\":[{\"@type\":\"SearchAction\",\"target\":{\"@type\":\"EntryPoint\",\"urlTemplate\":\"https:\/\/www.inova-visionlab.eu\/?s={search_term_string}\"},\"query-input\":{\"@type\":\"PropertyValueSpecification\",\"valueRequired\":true,\"valueName\":\"search_term_string\"}}],\"inLanguage\":\"en-US\"}]}<\/script>\n<!-- \/ Yoast SEO plugin. -->","yoast_head_json":{"title":"ABOUT - INOVA VISION LAB","robots":{"index":"index","follow":"follow","max-snippet":"max-snippet:-1","max-image-preview":"max-image-preview:large","max-video-preview":"max-video-preview:-1"},"canonical":"https:\/\/www.inova-visionlab.eu\/en\/about\/","og_locale":"en_US","og_type":"article","og_title":"ABOUT - INOVA VISION LAB","og_description":"The team of INOVA Vision Lab is a multidisciplinary bunch of professionals who gather for porojects. It is led by optometrist Dr. Matja\u017e Mihel\u010di\u010d. We are collaborating with Brains &amp; Sprains Institute, led by Tadej Pa\u0161\u010dinski https:\/\/brains-and-sprains.si\/en Adress: Matja\u017e Mihel\u010di\u010d, s.p. Ledina 36, 4260 Bled. Tax ID 34330895 Email: matjazmihelcic@siol.net CVInquiries can be sent to [&hellip;]","og_url":"https:\/\/www.inova-visionlab.eu\/en\/about\/","og_site_name":"INOVA VISION LAB","article_modified_time":"2025-03-18T08:48:17+00:00","twitter_card":"summary_large_image","twitter_misc":{"Est. reading time":"1 minute"},"schema":{"@context":"https:\/\/schema.org","@graph":[{"@type":"WebPage","@id":"https:\/\/www.inova-visionlab.eu\/en\/about\/","url":"https:\/\/www.inova-visionlab.eu\/en\/about\/","name":"ABOUT - INOVA VISION LAB","isPartOf":{"@id":"https:\/\/www.inova-visionlab.eu\/#website"},"datePublished":"2024-02-14T09:34:03+00:00","dateModified":"2025-03-18T08:48:17+00:00","breadcrumb":{"@id":"https:\/\/www.inova-visionlab.eu\/en\/about\/#breadcrumb"},"inLanguage":"en-US","potentialAction":[{"@type":"ReadAction","target":["https:\/\/www.inova-visionlab.eu\/en\/about\/"]}]},{"@type":"BreadcrumbList","@id":"https:\/\/www.inova-visionlab.eu\/en\/about\/#breadcrumb","itemListElement":[{"@type":"ListItem","position":1,"name":"Home","item":"https:\/\/www.inova-visionlab.eu\/"},{"@type":"ListItem","position":2,"name":"ABOUT"}]},{"@type":"WebSite","@id":"https:\/\/www.inova-visionlab.eu\/#website","url":"https:\/\/www.inova-visionlab.eu\/","name":"INOVA VISION LAB","description":"Raziskave na podro\u010dju o\u010di in vida","potentialAction":[{"@type":"SearchAction","target":{"@type":"EntryPoint","urlTemplate":"https:\/\/www.inova-visionlab.eu\/?s={search_term_string}"},"query-input":{"@type":"PropertyValueSpecification","valueRequired":true,"valueName":"search_term_string"}}],"inLanguage":"en-US"}]}},"_links":{"self":[{"href":"https:\/\/www.inova-visionlab.eu\/en\/wp-json\/wp\/v2\/pages\/879","targetHints":{"allow":["GET"]}}],"collection":[{"href":"https:\/\/www.inova-visionlab.eu\/en\/wp-json\/wp\/v2\/pages"}],"about":[{"href":"https:\/\/www.inova-visionlab.eu\/en\/wp-json\/wp\/v2\/types\/page"}],"author":[{"embeddable":true,"href":"https:\/\/www.inova-visionlab.eu\/en\/wp-json\/wp\/v2\/users\/1"}],"replies":[{"embeddable":true,"href":"https:\/\/www.inova-visionlab.eu\/en\/wp-json\/wp\/v2\/comments?post=879"}],"version-history":[{"count":15,"href":"https:\/\/www.inova-visionlab.eu\/en\/wp-json\/wp\/v2\/pages\/879\/revisions"}],"predecessor-version":[{"id":1085,"href":"https:\/\/www.inova-visionlab.eu\/en\/wp-json\/wp\/v2\/pages\/879\/revisions\/1085"}],"wp:attachment":[{"href":"https:\/\/www.inova-visionlab.eu\/en\/wp-json\/wp\/v2\/media?parent=879"}],"curies":[{"name":"wp","href":"https:\/\/api.w.org\/{rel}","templated":true}]}}